{"id":18310,"date":"2025-09-03T13:08:17","date_gmt":"2025-09-03T13:08:17","guid":{"rendered":"https:\/\/italiameuble.com\/?page_id=18310"},"modified":"2025-11-26T12:28:52","modified_gmt":"2025-11-26T12:28:52","slug":"conception-de-cuisine","status":"publish","type":"page","link":"https:\/\/italiameuble.com\/ar\/conception-de-cuisine\/","title":{"rendered":"\u062a\u0635\u0645\u064a\u0645 \u0627\u0644\u0645\u0637\u0628\u062e"},"content":{"rendered":"<div data-elementor-type=\"wp-page\" data-elementor-id=\"18310\" class=\"elementor elementor-18310\">\n\t\t\t\t<div class=\"wd-negative-gap elementor-element elementor-element-236aaa6 e-flex e-con-boxed e-con e-parent\" data-id=\"236aaa6\" data-element_type=\"container\" data-e-type=\"container\">\n\t\t\t\t\t<div class=\"e-con-inner\">\n\t\t<div class=\"elementor-element elementor-element-656432b e-con-full e-flex e-con e-child\" data-id=\"656432b\" data-element_type=\"container\" data-e-type=\"container\">\n\t\t\t\t<div class=\"elementor-element elementor-element-da791c9 wd-width-100 elementor-widget elementor-widget-wd_title\" data-id=\"da791c9\" data-element_type=\"widget\" data-e-type=\"widget\" data-widget_type=\"wd_title.default\">\n\t\t\t\t<div class=\"elementor-widget-container\">\n\t\t\t\t\t\t\t<div class=\"title-wrapper wd-set-mb reset-last-child wd-title-color-default wd-title-style-default wd-title-size-extra-large text-center\">\n\n\t\t\t\t\t\t\t\t\t\t\t<div class=\"title-subtitle subtitle-color-default subtitle-style-default wd-fontsize-m\">\n\t\t\t\t\t\u0623\u0646\u0634\u0626 \u0627\u0644\u062a\u0635\u0645\u064a\u0645 \u0627\u0644\u0630\u064a \u062a\u0631\u064a\u062f\u0647 \u0639\u0628\u0631 \u0627\u0644\u0625\u0646\u062a\u0631\u0646\u062a\t\t\t\t<\/div>\n\t\t\t\n\t\t\t<div class=\"liner-continer\">\n\t\t\t\t<h1 class=\"woodmart-title-container title wd-fontsize-xxxl\">\u0627\u0644\u0635\u0645\u064a\u0645 \u0648\u062a\u062e\u0637\u064a\u0637 \u0645\u0646 \u0645\u0643\u0627\u0646\u0643<\/h1> \n\t\t\t\t\t\t\t<\/div>\n\n\t\t\t\t\t<\/div>\n\t\t\t\t\t\t<\/div>\n\t\t\t\t<\/div>\n\t\t\t\t<\/div>\n\t\t<div class=\"elementor-element elementor-element-e3e5fd3 e-con-full e-flex e-con e-child\" data-id=\"e3e5fd3\" data-element_type=\"container\" data-e-type=\"container\" data-settings=\"{&quot;background_background&quot;:&quot;classic&quot;}\">\n\t\t\t\t<div class=\"elementor-element elementor-element-27f5e6c elementor-widget__width-initial wd-width-100 elementor-widget elementor-widget-wd_title\" data-id=\"27f5e6c\" data-element_type=\"widget\" data-e-type=\"widget\" data-widget_type=\"wd_title.default\">\n\t\t\t\t<div class=\"elementor-widget-container\">\n\t\t\t\t\t\t\t<div class=\"title-wrapper wd-set-mb reset-last-child wd-title-color-default wd-title-style-default wd-title-size-medium text-center\">\n\n\t\t\t\t\t\t\t\t\t\t\t<div class=\"title-subtitle subtitle-color-default subtitle-style-default wd-fontsize-xs\">\n\t\t\t\t\t\u0635\u0645\u0645\u0647\u0627 \u0628\u0646\u0641\u0633\u0643\t\t\t\t<\/div>\n\t\t\t\n\t\t\t<div class=\"liner-continer\">\n\t\t\t\t<h4 class=\"woodmart-title-container title wd-fontsize-xl\">\u0623\u0646\u0634\u0626 \u0645\u0637\u0628\u062e\u0643 \u0627\u0644\u062e\u0627\u0635 \u2013 \u0645\u062c\u0627\u0646\u064b\u0627<\/h4> \n\t\t\t\t\t\t\t<\/div>\n\n\t\t\t\t\t\t\t<div class=\"title-after_title reset-last-child wd-fontsize-s\">\n\t\t\t\t\t<p>\u00a0<em>\u062a\u062e\u064a\u0644 \u0648\u0627\u062e\u062a\u0628\u0631 \u0648\u0623\u0646\u0634\u0626 \u0645\u0637\u0628\u062e\u0643 \u0627\u0644\u0645\u062b\u0627\u0644\u064a \u0639\u0628\u0631 \u0627\u0644\u0625\u0646\u062a\u0631\u0646\u062a\u060c \u062f\u0648\u0646 \u0645\u063a\u0627\u062f\u0631\u0629 \u0645\u0643\u0627\u0646\u0643.<\/em><\/p>\t\t\t\t<\/div>\n\t\t\t\t\t<\/div>\n\t\t\t\t\t\t<\/div>\n\t\t\t\t<\/div>\n\t\t\t\t<div class=\"elementor-element elementor-element-85e7ef9 elementor-widget elementor-widget-wd_button\" data-id=\"85e7ef9\" data-element_type=\"widget\" data-e-type=\"widget\" data-widget_type=\"wd_button.default\">\n\t\t\t\t<div class=\"elementor-widget-container\">\n\t\t\t\t\t\t\t<div class=\"wd-button-wrapper text-center wd-smooth-scroll\"  data-smooth-time=\"600\" data-smooth-offset=\"100\">\n\t\t\t<a class=\"btn btn-style-default btn-shape-semi-round btn-size-default btn-color-custom btn-icon-pos-right\"  href=\"#test\">\n\t\t\t\t<span class=\"wd-btn-text\" data-elementor-setting-key=\"text\">\n\t\t\t\t\tComment cr\u00e9er\t\t\t\t<\/span>\n\n\t\t\t\t\t\t\t<\/a>\n\t\t<\/div>\n\t\t\t\t\t\t<\/div>\n\t\t\t\t<\/div>\n\t\t\t\t<div class=\"elementor-element elementor-element-715860c elementor-widget elementor-widget-image\" data-id=\"715860c\" data-element_type=\"widget\" data-e-type=\"widget\" data-widget_type=\"image.default\">\n\t\t\t\t\t\t\t\t\t\t\t\t\t\t\t<img decoding=\"async\" src=\"https:\/\/italiameuble.com\/wp-content\/uploads\/2025\/09\/Planner.webp\" title=\"\" alt=\"\" loading=\"lazy\" \/>\t\t\t\t\t\t\t\t\t\t\t\t\t\t\t<\/div>\n\t\t\t\t<\/div>\n\t\t<div class=\"elementor-element elementor-element-d10e585 e-con-full e-flex e-con e-child\" data-id=\"d10e585\" data-element_type=\"container\" data-e-type=\"container\" data-settings=\"{&quot;background_background&quot;:&quot;classic&quot;}\">\n\t\t\t\t<div class=\"elementor-element elementor-element-bca94ed elementor-widget__width-initial wd-width-100 elementor-widget elementor-widget-wd_title\" data-id=\"bca94ed\" data-element_type=\"widget\" data-e-type=\"widget\" data-widget_type=\"wd_title.default\">\n\t\t\t\t<div class=\"elementor-widget-container\">\n\t\t\t\t\t\t\t<div class=\"title-wrapper wd-set-mb reset-last-child wd-title-color-default wd-title-style-default wd-title-size-medium text-center\">\n\n\t\t\t\t\t\t\t\t\t\t\t<div class=\"title-subtitle subtitle-color-default subtitle-style-default wd-fontsize-xs\">\n\t\t\t\t\t\u0628\u0645\u0633\u0627\u0639\u062f\u0629 \u062e\u0628\u064a\u0631\t\t\t\t<\/div>\n\t\t\t\n\t\t\t<div class=\"liner-continer\">\n\t\t\t\t<h4 class=\"woodmart-title-container title wd-fontsize-xl\">\u062e\u062f\u0645\u0629 \u062a\u0635\u0645\u064a\u0645 \u0627\u0644\u0645\u0637\u0628\u062e \u2013 9900 DA<\/h4> \n\t\t\t\t\t\t\t<\/div>\n\n\t\t\t\t\t\t\t<div class=\"title-after_title reset-last-child wd-fontsize-s\">\n\t\t\t\t\t<p>\u0625\u0630\u0627 \u0644\u0645 \u062a\u0643\u0646 \u0645\u0633\u062a\u0639\u062f\u064b\u0627 \u0628\u0639\u062f \u0644\u062a\u0635\u0645\u064a\u0645 \u0645\u0637\u0628\u062e\u0643 \u0628\u0646\u0641\u0633\u0643\u060c \u0641\u0644\u0645\u0627\u0630\u0627 \u0644\u0627 \u062a\u0633\u062a\u0641\u064a\u062f \u0645\u0646 \u0645\u0633\u0627\u0639\u062f\u0629 \u0641\u0631\u064a\u0642 \u062e\u0628\u0631\u0627\u0621 \u062a\u0635\u0645\u064a\u0645 \u0627\u0644\u0645\u0637\u0628\u062e \u0644\u062f\u064a\u0646\u0627\u061f<\/p>\t\t\t\t<\/div>\n\t\t\t\t\t<\/div>\n\t\t\t\t\t\t<\/div>\n\t\t\t\t<\/div>\n\t\t\t\t<div class=\"elementor-element elementor-element-1af0967 elementor-widget elementor-widget-wd_button\" data-id=\"1af0967\" data-element_type=\"widget\" data-e-type=\"widget\" data-widget_type=\"wd_button.default\">\n\t\t\t\t<div class=\"elementor-widget-container\">\n\t\t\t\t\t\t\t<div class=\"wd-button-wrapper text-center\" >\n\t\t\t<a class=\"btn btn-style-default btn-shape-semi-round btn-size-default btn-color-custom btn-icon-pos-right\"  href=\"https:\/\/italiameuble.com\/contacts\/\">\n\t\t\t\t<span class=\"wd-btn-text\" data-elementor-setting-key=\"text\">\n\t\t\t\t\t\u0645\u0639\u0644\u0648\u0645\u0627\u062a \u0627\u0643\u062b\u0631\t\t\t\t<\/span>\n\n\t\t\t\t\t\t\t<\/a>\n\t\t<\/div>\n\t\t\t\t\t\t<\/div>\n\t\t\t\t<\/div>\n\t\t\t\t<div class=\"elementor-element elementor-element-5284df1 elementor-widget elementor-widget-image\" data-id=\"5284df1\" data-element_type=\"widget\" data-e-type=\"widget\" data-widget_type=\"image.default\">\n\t\t\t\t\t\t\t\t\t\t\t\t\t\t\t<img decoding=\"async\" src=\"https:\/\/italiameuble.com\/wp-content\/uploads\/2025\/09\/Untitled-design-9.webp\" title=\"\" alt=\"\" loading=\"lazy\" \/>\t\t\t\t\t\t\t\t\t\t\t\t\t\t\t<\/div>\n\t\t\t\t<\/div>\n\t\t\t\t\t<\/div>\n\t\t\t\t<\/div>\n\t\t<div class=\"wd-negative-gap elementor-element elementor-element-5196bf5 e-flex e-con-boxed e-con e-parent\" data-id=\"5196bf5\" data-element_type=\"container\" data-e-type=\"container\" id=\"test\">\n\t\t\t\t\t<div class=\"e-con-inner\">\n\t\t\t\t<div class=\"elementor-element elementor-element-8e797f2 elementor-widget__width-initial wd-width-100 elementor-widget elementor-widget-wd_title\" data-id=\"8e797f2\" data-element_type=\"widget\" data-e-type=\"widget\" data-widget_type=\"wd_title.default\">\n\t\t\t\t<div class=\"elementor-widget-container\">\n\t\t\t\t\t\t\t<div class=\"title-wrapper wd-set-mb reset-last-child wd-title-color-default wd-title-style-default wd-title-size-medium text-center\">\n\n\t\t\t\t\t\t\t\t\t\t\t<div class=\"title-subtitle subtitle-color-default subtitle-style-default wd-fontsize-xs\">\n\t\t\t\t\tComment Cr\u00e9ez vous-m\u00eame\t\t\t\t<\/div>\n\t\t\t\n\t\t\t<div class=\"liner-continer\">\n\t\t\t\t<h4 class=\"woodmart-title-container title wd-fontsize-xl\">Suivez les \u00e9tapes suivantes<\/h4> \n\t\t\t\t\t\t\t<\/div>\n\n\t\t\t\t\t<\/div>\n\t\t\t\t\t\t<\/div>\n\t\t\t\t<\/div>\n\t\t\t\t\t<\/div>\n\t\t\t\t<\/div>\n\t\t<div class=\"wd-negative-gap elementor-element elementor-element-e690598 e-flex e-con-boxed e-con e-parent\" data-id=\"e690598\" data-element_type=\"container\" data-e-type=\"container\">\n\t\t\t\t\t<div class=\"e-con-inner\">\n\t\t<div class=\"elementor-element elementor-element-a1433d1 e-con-full e-flex e-con e-child\" data-id=\"a1433d1\" data-element_type=\"container\" data-e-type=\"container\">\n\t\t\t\t<div class=\"elementor-element elementor-element-cc2be12 elementor-widget elementor-widget-image\" data-id=\"cc2be12\" data-element_type=\"widget\" data-e-type=\"widget\" data-widget_type=\"image.default\">\n\t\t\t\t\t\t\t\t\t\t\t\t\t\t\t<img decoding=\"async\" src=\"https:\/\/italiameuble.com\/wp-content\/uploads\/2025\/11\/unnamed-file.webp\" title=\"\" alt=\"\" loading=\"lazy\" \/>\t\t\t\t\t\t\t\t\t\t\t\t\t\t\t<\/div>\n\t\t\t\t<\/div>\n\t\t<div class=\"elementor-element elementor-element-8849359 e-con-full e-flex e-con e-child\" data-id=\"8849359\" data-element_type=\"container\" data-e-type=\"container\" data-settings=\"{&quot;background_background&quot;:&quot;classic&quot;}\">\n\t\t\t\t<div class=\"elementor-element elementor-element-907e8ae elementor-widget elementor-widget-wd_text_block\" data-id=\"907e8ae\" data-element_type=\"widget\" data-e-type=\"widget\" data-widget_type=\"wd_text_block.default\">\n\t\t\t\t<div class=\"elementor-widget-container\">\n\t\t\t\t\t\t\t<div class=\"wd-text-block reset-last-child text-center\">\n\t\t\t\n\t\t\t<p>Cliquez d'abord sur ce bouton<\/p>\n\t\t\t\t\t<\/div>\n\t\t\t\t\t\t<\/div>\n\t\t\t\t<\/div>\n\t\t\t\t<div class=\"elementor-element elementor-element-af216e9 elementor-widget elementor-widget-wd_button\" data-id=\"af216e9\" data-element_type=\"widget\" data-e-type=\"widget\" data-widget_type=\"wd_button.default\">\n\t\t\t\t<div class=\"elementor-widget-container\">\n\t\t\t\t\t\t\t<div class=\"wd-button-wrapper text-center\" >\n\t\t\t<a class=\"btn btn-style-default btn-shape-semi-round btn-size-default btn-color-custom btn-icon-pos-right\"  href=\"https:\/\/www.relaiscuisines.fr\/configurateur-cuisine\/\" target=\"_blank\">\n\t\t\t\t<span class=\"wd-btn-text\" data-elementor-setting-key=\"text\">\n\t\t\t\t\t\u0627\u0628\u062f\u0626 \u0627\u0644\u062a\u0635\u0645\u064a\u0645\t\t\t\t<\/span>\n\n\t\t\t\t\t\t\t<\/a>\n\t\t<\/div>\n\t\t\t\t\t\t<\/div>\n\t\t\t\t<\/div>\n\t\t\t\t<div class=\"elementor-element elementor-element-ef05126 elementor-widget elementor-widget-wd_text_block\" data-id=\"ef05126\" data-element_type=\"widget\" data-e-type=\"widget\" data-widget_type=\"wd_text_block.default\">\n\t\t\t\t<div class=\"elementor-widget-container\">\n\t\t\t\t\t\t\t<div class=\"wd-text-block reset-last-child text-center\">\n\t\t\t\n\t\t\t<p>puis, sur la page suivante, cliquez sur <strong>D\u00e9marrer la configurateur<\/strong><\/p>\n\t\t\t\t\t<\/div>\n\t\t\t\t\t\t<\/div>\n\t\t\t\t<\/div>\n\t\t\t\t<\/div>\n\t\t\t\t\t<\/div>\n\t\t\t\t<\/div>\n\t\t<div class=\"wd-negative-gap elementor-element elementor-element-f3e383c e-flex e-con-boxed e-con e-parent\" data-id=\"f3e383c\" data-element_type=\"container\" data-e-type=\"container\">\n\t\t\t\t\t<div class=\"e-con-inner\">\n\t\t<div class=\"elementor-element elementor-element-b4ad1e1 e-con-full e-flex e-con e-child\" data-id=\"b4ad1e1\" data-element_type=\"container\" data-e-type=\"container\">\n\t\t\t\t<div class=\"elementor-element elementor-element-4282c00 elementor-widget elementor-widget-image\" data-id=\"4282c00\" data-element_type=\"widget\" data-e-type=\"widget\" data-widget_type=\"image.default\">\n\t\t\t\t\t\t\t\t\t\t\t\t\t\t\t<img decoding=\"async\" src=\"https:\/\/italiameuble.com\/wp-content\/uploads\/2025\/11\/2-1.webp\" title=\"\" alt=\"\" loading=\"lazy\" \/>\t\t\t\t\t\t\t\t\t\t\t\t\t\t\t<\/div>\n\t\t\t\t<\/div>\n\t\t<div class=\"elementor-element elementor-element-5771d54 e-con-full e-flex e-con e-child\" data-id=\"5771d54\" data-element_type=\"container\" data-e-type=\"container\" data-settings=\"{&quot;background_background&quot;:&quot;classic&quot;}\">\n\t\t\t\t<div class=\"elementor-element elementor-element-8c4bd07 elementor-widget elementor-widget-wd_text_block\" data-id=\"8c4bd07\" data-element_type=\"widget\" data-e-type=\"widget\" data-widget_type=\"wd_text_block.default\">\n\t\t\t\t<div class=\"elementor-widget-container\">\n\t\t\t\t\t\t\t<div class=\"wd-text-block reset-last-child text-center\">\n\t\t\t\n\t\t\t<p>Choisissez l'unit\u00e9 de mesure (<strong>cm<\/strong>)<\/p>\n\t\t\t\t\t<\/div>\n\t\t\t\t\t\t<\/div>\n\t\t\t\t<\/div>\n\t\t\t\t<\/div>\n\t\t\t\t\t<\/div>\n\t\t\t\t<\/div>\n\t\t<div class=\"wd-negative-gap elementor-element elementor-element-5956d2e e-flex e-con-boxed e-con e-parent\" data-id=\"5956d2e\" data-element_type=\"container\" data-e-type=\"container\">\n\t\t\t\t\t<div class=\"e-con-inner\">\n\t\t<div class=\"elementor-element elementor-element-7bb8e3a e-con-full e-flex e-con e-child\" data-id=\"7bb8e3a\" data-element_type=\"container\" data-e-type=\"container\">\n\t\t\t\t<div class=\"elementor-element elementor-element-b7f5e12 elementor-widget elementor-widget-image\" data-id=\"b7f5e12\" data-element_type=\"widget\" data-e-type=\"widget\" data-widget_type=\"image.default\">\n\t\t\t\t\t\t\t\t\t\t\t\t\t\t\t<img decoding=\"async\" src=\"https:\/\/italiameuble.com\/wp-content\/uploads\/2025\/11\/3-1.webp\" title=\"\" alt=\"\" loading=\"lazy\" \/>\t\t\t\t\t\t\t\t\t\t\t\t\t\t\t<\/div>\n\t\t\t\t<\/div>\n\t\t<div class=\"elementor-element elementor-element-d63abe3 e-con-full e-flex e-con e-child\" data-id=\"d63abe3\" data-element_type=\"container\" data-e-type=\"container\" data-settings=\"{&quot;background_background&quot;:&quot;classic&quot;}\">\n\t\t\t\t<div class=\"elementor-element elementor-element-8301851 elementor-widget elementor-widget-wd_text_block\" data-id=\"8301851\" data-element_type=\"widget\" data-e-type=\"widget\" data-widget_type=\"wd_text_block.default\">\n\t\t\t\t<div class=\"elementor-widget-container\">\n\t\t\t\t\t\t\t<div class=\"wd-text-block reset-last-child text-center\">\n\t\t\t\n\t\t\t<p>Une fois termin\u00e9, enregistrez votre travail.<\/p>\n\t\t\t\t\t<\/div>\n\t\t\t\t\t\t<\/div>\n\t\t\t\t<\/div>\n\t\t\t\t<\/div>\n\t\t\t\t\t<\/div>\n\t\t\t\t<\/div>\n\t\t<div class=\"wd-negative-gap elementor-element elementor-element-c55de2d e-flex e-con-boxed e-con e-parent\" data-id=\"c55de2d\" data-element_type=\"container\" data-e-type=\"container\">\n\t\t\t\t\t<div class=\"e-con-inner\">\n\t\t<div class=\"elementor-element elementor-element-4a60acf e-con-full e-flex e-con e-child\" data-id=\"4a60acf\" data-element_type=\"container\" data-e-type=\"container\">\n\t\t\t\t<div class=\"elementor-element elementor-element-f7e48af elementor-widget elementor-widget-image\" data-id=\"f7e48af\" data-element_type=\"widget\" data-e-type=\"widget\" data-widget_type=\"image.default\">\n\t\t\t\t\t\t\t\t\t\t\t\t\t\t\t<img decoding=\"async\" src=\"https:\/\/italiameuble.com\/wp-content\/uploads\/2025\/11\/4-2.webp\" title=\"\" alt=\"\" loading=\"lazy\" \/>\t\t\t\t\t\t\t\t\t\t\t\t\t\t\t<\/div>\n\t\t\t\t<\/div>\n\t\t<div class=\"elementor-element elementor-element-6a0ba1a e-con-full e-flex e-con e-child\" data-id=\"6a0ba1a\" data-element_type=\"container\" data-e-type=\"container\" data-settings=\"{&quot;background_background&quot;:&quot;classic&quot;}\">\n\t\t\t\t<div class=\"elementor-element elementor-element-07afe3a elementor-widget elementor-widget-wd_text_block\" data-id=\"07afe3a\" data-element_type=\"widget\" data-e-type=\"widget\" data-widget_type=\"wd_text_block.default\">\n\t\t\t\t<div class=\"elementor-widget-container\">\n\t\t\t\t\t\t\t<div class=\"wd-text-block reset-last-child text-center\">\n\t\t\t\n\t\t\t<p>Saisissez notre adresse e-mail (<strong> commande-manager@italiameuble.com<\/strong> ) pour recevoir des notifications, concernant votre projet<\/p>\n\t\t\t\t\t<\/div>\n\t\t\t\t\t\t<\/div>\n\t\t\t\t<\/div>\n\t\t\t\t<\/div>\n\t\t\t\t\t<\/div>\n\t\t\t\t<\/div>\n\t\t<div class=\"wd-negative-gap elementor-element elementor-element-c0cd39b e-flex e-con-boxed e-con e-parent\" data-id=\"c0cd39b\" data-element_type=\"container\" data-e-type=\"container\">\n\t\t\t\t\t<div class=\"e-con-inner\">\n\t\t<div class=\"elementor-element elementor-element-f67b9e2 e-con-full e-flex e-con e-child\" data-id=\"f67b9e2\" data-element_type=\"container\" data-e-type=\"container\">\n\t\t\t\t<div class=\"elementor-element elementor-element-6971f4b elementor-widget elementor-widget-image\" data-id=\"6971f4b\" data-element_type=\"widget\" data-e-type=\"widget\" data-widget_type=\"image.default\">\n\t\t\t\t\t\t\t\t\t\t\t\t\t\t\t<img decoding=\"async\" src=\"https:\/\/italiameuble.com\/wp-content\/uploads\/2025\/11\/5-2.webp\" title=\"\" alt=\"\" loading=\"lazy\" \/>\t\t\t\t\t\t\t\t\t\t\t\t\t\t\t<\/div>\n\t\t\t\t<\/div>\n\t\t<div class=\"elementor-element elementor-element-9535201 e-con-full e-flex e-con e-child\" data-id=\"9535201\" data-element_type=\"container\" data-e-type=\"container\" data-settings=\"{&quot;background_background&quot;:&quot;classic&quot;}\">\n\t\t\t\t<div class=\"elementor-element elementor-element-0db4304 elementor-widget elementor-widget-wd_text_block\" data-id=\"0db4304\" data-element_type=\"widget\" data-e-type=\"widget\" data-widget_type=\"wd_text_block.default\">\n\t\t\t\t<div class=\"elementor-widget-container\">\n\t\t\t\t\t\t\t<div class=\"wd-text-block reset-last-child text-center\">\n\t\t\t\n\t\t\t<p>Accepter les <strong>conditions d'utilisation<\/strong> et <strong>politique de confidentialit\u00e9,<\/strong> puis cliquez sur <strong>Enregistrer la configuration.<\/strong><\/p>\n\t\t\t\t\t<\/div>\n\t\t\t\t\t\t<\/div>\n\t\t\t\t<\/div>\n\t\t\t\t<\/div>\n\t\t\t\t\t<\/div>\n\t\t\t\t<\/div>\n\t\t<div class=\"wd-negative-gap elementor-element elementor-element-fa3c589 e-flex e-con-boxed e-con e-parent\" data-id=\"fa3c589\" data-element_type=\"container\" data-e-type=\"container\">\n\t\t\t\t\t<div class=\"e-con-inner\">\n\t\t<div class=\"elementor-element elementor-element-6663d76 e-con-full e-flex e-con e-child\" data-id=\"6663d76\" data-element_type=\"container\" data-e-type=\"container\">\n\t\t\t\t<div class=\"elementor-element elementor-element-1906070 elementor-widget elementor-widget-image\" data-id=\"1906070\" data-element_type=\"widget\" data-e-type=\"widget\" data-widget_type=\"image.default\">\n\t\t\t\t\t\t\t\t\t\t\t\t\t\t\t<img decoding=\"async\" src=\"https:\/\/italiameuble.com\/wp-content\/uploads\/2025\/11\/6-2.webp\" title=\"\" alt=\"\" loading=\"lazy\" \/>\t\t\t\t\t\t\t\t\t\t\t\t\t\t\t<\/div>\n\t\t\t\t<\/div>\n\t\t<div class=\"elementor-element elementor-element-1a7e88c e-con-full e-flex e-con e-child\" data-id=\"1a7e88c\" data-element_type=\"container\" data-e-type=\"container\" data-settings=\"{&quot;background_background&quot;:&quot;classic&quot;}\">\n\t\t\t\t<div class=\"elementor-element elementor-element-e768dc8 elementor-widget elementor-widget-wd_text_block\" data-id=\"e768dc8\" data-element_type=\"widget\" data-e-type=\"widget\" data-widget_type=\"wd_text_block.default\">\n\t\t\t\t<div class=\"elementor-widget-container\">\n\t\t\t\t\t\t\t<div class=\"wd-text-block reset-last-child text-center\">\n\t\t\t\n\t\t\t<p>Apr\u00e8s avoir enregistr\u00e9 votre configuration, vous recevrez ce lien. Copiez-le et envoyez-le par <strong>WhatsApp 0770 72 70 25<\/strong>\u00a0ou sur l'un de vos comptes de r\u00e9seaux sociaux.<\/p><p>Vous trouverez nos coordonn\u00e9es sur la page <a href=\"https:\/\/italiameuble.com\/contacts\/\"><strong>\u0627\u0644\u0627\u062a\u0635\u0627\u0644 \u0628\u0646\u0627<\/strong><\/a>.<\/p>\n\t\t\t\t\t<\/div>\n\t\t\t\t\t\t<\/div>\n\t\t\t\t<\/div>\n\t\t\t\t<\/div>\n\t\t\t\t\t<\/div>\n\t\t\t\t<\/div>\n\t\t\t\t<\/div>","protected":false},"excerpt":{"rendered":"<p>CR\u00c9EZ LE DESIGN QUE VOUS SOUHAITEZ EN LIGNE Planifiez depuis chez vous Cr\u00e9ez vous-m\u00eame Cr\u00e9ez Votre Propre Cuisine \u2013 GRATUITEMENT<\/p>","protected":false},"author":95,"featured_media":0,"parent":0,"menu_order":0,"comment_status":"closed","ping_status":"closed","template":"elementor_theme","meta":{"inline_featured_image":false,"footnotes":""},"class_list":["post-18310","page","type-page","status-publish","hentry"],"_links":{"self":[{"href":"https:\/\/italiameuble.com\/ar\/wp-json\/wp\/v2\/pages\/18310","targetHints":{"allow":["GET"]}}],"collection":[{"href":"https:\/\/italiameuble.com\/ar\/wp-json\/wp\/v2\/pages"}],"about":[{"href":"https:\/\/italiameuble.com\/ar\/wp-json\/wp\/v2\/types\/page"}],"author":[{"embeddable":true,"href":"https:\/\/italiameuble.com\/ar\/wp-json\/wp\/v2\/users\/95"}],"replies":[{"embeddable":true,"href":"https:\/\/italiameuble.com\/ar\/wp-json\/wp\/v2\/comments?post=18310"}],"version-history":[{"count":55,"href":"https:\/\/italiameuble.com\/ar\/wp-json\/wp\/v2\/pages\/18310\/revisions"}],"predecessor-version":[{"id":20364,"href":"https:\/\/italiameuble.com\/ar\/wp-json\/wp\/v2\/pages\/18310\/revisions\/20364"}],"wp:attachment":[{"href":"https:\/\/italiameuble.com\/ar\/wp-json\/wp\/v2\/media?parent=18310"}],"curies":[{"name":"wp","href":"https:\/\/api.w.org\/{rel}","templated":true}]}}